{"id":12429,"date":"2026-02-20T20:46:53","date_gmt":"2026-02-20T19:46:53","guid":{"rendered":"https:\/\/www.scuolagelato.it\/?page_id=12429"},"modified":"2026-02-25T11:09:31","modified_gmt":"2026-02-25T10:09:31","slug":"contatti","status":"publish","type":"page","link":"https:\/\/www.scuolagelato.it\/es\/contatti\/","title":{"rendered":"Contatti"},"content":{"rendered":"\n<div class=\"wp-block-columns wrapper bg-diag-beige-wider content-padding is-layout-flex wp-container-core-columns-is-layout-28f84493 wp-block-columns-is-layout-flex\">\n<div class=\"wp-block-column is-vertically-aligned-center is-layout-flow wp-block-column-is-layout-flow\" style=\"flex-basis:65%\">\n<h1 class=\"wp-block-heading\">Contactos<\/h1>\n\n\n\n<h2 class=\"wp-block-heading\"><strong>Referencias e indicaciones para  <mark style=\"background-color:#fff8c0\" class=\"has-inline-color\"><em><strong>comunicarse con nosotros<\/strong><\/em><\/mark><\/strong><\/h2>\n\n\n\n<p>Un nuevo m\u00e9todo para ense\u00f1ar la elaboraci\u00f3n artesanal de helados sin utilizar productos semielaborados.<\/p>\n<\/div>\n\n\n\n<div class=\"wp-block-column is-vertically-aligned-center is-layout-flow wp-block-column-is-layout-flow\">\n\n\n<figure class=\"wp-block-image aligncenter size-large is-resized\"><img decoding=\"async\" src=\"https:\/\/www.scuolagelato.it\/wp-content\/uploads\/2022\/10\/per-te.svg\" alt=\"\" class=\"wp-image-7554\" style=\"width:380px\"\/><\/figure>\n<\/div>\n<\/div>\n\n\n\n<div class=\"wp-block-columns wrapper content-padding is-layout-flex wp-container-core-columns-is-layout-28f84493 wp-block-columns-is-layout-flex\">\n<div class=\"wp-block-column wrapper cpntent-padding is-layout-flow wp-block-column-is-layout-flow\">\n<h3 class=\"wp-block-heading\">Academia del Helado Natural<\/h3>\n\n\n\n<p>&nbsp;Via Marsala 19\/A, Grosseto, 58100<\/p>\n\n\n\n<p>&nbsp;CELL:&nbsp;<a href=\"tel:+393384753397\">+39 338 475 3397<\/a> | <a href=\"tel:+393386403418\">+39 338 640 3418<\/a><\/p>\n\n\n\n<p>&nbsp;WHATSAPP:&nbsp;<a href=\"https:\/\/wa.me\/393386403418?text=Ciao%2C%20I%27d%20like%20some%20information...\">Send a message<\/a><\/p>\n\n\n\n<p><a href=\"mailto:info@scuolagelato.it\">info@scuolagelato.it<\/a><\/p>\n<\/div>\n\n\n\n<div class=\"wp-block-column is-layout-flow wp-block-column-is-layout-flow\">\n<h3 class=\"wp-block-heading\">Estructura concertada<br>para la asistencia a los cursos<\/h3>\n\n\n\n<p>Estructura concertada<br>para la asistencia a los cursos<\/p>\n\n\n\n<p><b>Grosseto &#8211; Tuscany<\/b><\/p>\n\n\n\n<p>BnB Residenza Ricasoli &#8211; <a href=\"https:\/\/residenzaricasoli.it\" target=\"_blank\" rel=\"noreferrer noopener\">www.residenzaricasoli.it<\/a><\/p>\n\n\n\n<p>Grand Hotel Bastiani &#8211; <a href=\"https:\/\/www.hotelbastiani.eu\/\">www.hotelbastiani.eu<\/a><\/p>\n<\/div>\n<\/div>\n\n\n\n<iframe loading=\"lazy\" style=\"border: 0;\" src=\"https:\/\/www.google.com\/maps\/embed?pb=!1m14!1m8!1m3!1d11716.797094403471!2d11.131542!3d42.7629907!3m2!1i1024!2i768!4f13.1!3m3!1m2!1s0x0%3A0x6ed299d5711a0dec!2sGelato%20Naturale%20Academy!5e0!3m2!1sit!2sit!4v1627834565832!5m2!1sit!2sit\" width=\"100%\" height=\"600\" allowfullscreen=\"allowfullscreen\"><\/iframe>\n\n\n\n<p><\/p>\n\n\n\n<div class=\"wp-block-columns is-layout-flex wp-container-core-columns-is-layout-28f84493 wp-block-columns-is-layout-flex\">\n<div class=\"wp-block-column wrapper narrower center is-layout-flow wp-block-column-is-layout-flow\">\n<h3 class=\"wp-block-heading has-text-align-center\" id=\"block-495d791f-19e9-4082-a5c5-a146bb18a86e\">Enviar un mensaje<\/h3>\n\n\n\n<div class=\"wp-block-contact-form-7-contact-form-selector\">\n<div class=\"wpcf7 no-js\" id=\"wpcf7-f12455-o1\" lang=\"en-US\" dir=\"ltr\" data-wpcf7-id=\"12455\">\n<div class=\"screen-reader-response\"><p role=\"status\" aria-live=\"polite\" aria-atomic=\"true\"><\/p> <ul><\/ul><\/div>\n<form action=\"\/es\/wp-json\/wp\/v2\/pages\/12429#wpcf7-f12455-o1\" method=\"post\" class=\"wpcf7-form init\" aria-label=\"Contact form\" novalidate=\"novalidate\" data-status=\"init\">\n<fieldset class=\"hidden-fields-container\"><input type=\"hidden\" name=\"_wpcf7\" value=\"12455\" \/><input type=\"hidden\" name=\"_wpcf7_version\" value=\"6.1.5\" \/><input type=\"hidden\" name=\"_wpcf7_locale\" value=\"en_US\" \/><input type=\"hidden\" name=\"_wpcf7_unit_tag\" value=\"wpcf7-f12455-o1\" \/><input type=\"hidden\" name=\"_wpcf7_container_post\" value=\"0\" \/><input type=\"hidden\" name=\"_wpcf7_posted_data_hash\" value=\"\" \/><input type=\"hidden\" name=\"_wpcf7dtx_version\" value=\"5.0.5\" \/><input type=\"hidden\" name=\"_wpcf7_recaptcha_response\" value=\"\" \/>\n<\/fieldset>\n<span class=\"wpcf7-form-control-wrap posttitle\" data-name=\"posttitle\"><input type=\"hidden\" name=\"posttitle\" class=\"wpcf7-form-control wpcf7-hidden wpcf7dtx wpcf7dtx-hidden\" aria-invalid=\"false\" value=\"Contatti\"><\/span>\n<span class=\"wpcf7-form-control-wrap\" data-name=\"your-name\"><input size=\"40\" maxlength=\"400\" class=\"wpcf7-form-control wpcf7-text wpcf7-validates-as-required\" aria-required=\"true\" aria-invalid=\"false\" placeholder=\"Nombre\" value=\"\" type=\"text\" name=\"your-name\" \/><\/span>\n<span class=\"wpcf7-form-control-wrap\" data-name=\"your-email\"><input size=\"40\" maxlength=\"400\" class=\"wpcf7-form-control wpcf7-email wpcf7-validates-as-required wpcf7-text wpcf7-validates-as-email\" aria-required=\"true\" aria-invalid=\"false\" placeholder=\"Email\" value=\"\" type=\"email\" name=\"your-email\" \/><\/span>\n<span class=\"wpcf7-form-control-wrap\" data-name=\"tel-no\"><input size=\"40\" maxlength=\"400\" class=\"wpcf7-form-control wpcf7-tel wpcf7-validates-as-required wpcf7-text wpcf7-validates-as-tel\" aria-required=\"true\" aria-invalid=\"false\" placeholder=\"Tel\u00e9fono\" value=\"\" type=\"tel\" name=\"tel-no\" \/><\/span>\n<span class=\"wpcf7-form-control-wrap\" data-name=\"your-subject\"><input size=\"40\" maxlength=\"400\" class=\"wpcf7-form-control wpcf7-text wpcf7-validates-as-required\" aria-required=\"true\" aria-invalid=\"false\" placeholder=\"Objeto\" value=\"\" type=\"text\" name=\"your-subject\" \/><\/span>\n<span class=\"wpcf7-form-control-wrap\" data-name=\"your-message\"><textarea cols=\"40\" rows=\"4\" maxlength=\"2000\" class=\"wpcf7-form-control wpcf7-textarea wpcf7-validates-as-required\" aria-required=\"true\" aria-invalid=\"false\" placeholder=\"Mensaje\" name=\"your-message\"><\/textarea><\/span>\n<span class=\"wpcf7-form-control-wrap\" data-name=\"privacy\"><span class=\"wpcf7-form-control wpcf7-acceptance\"><span class=\"wpcf7-list-item\"><label><input type=\"checkbox\" name=\"privacy\" value=\"1\" aria-invalid=\"false\" \/><span class=\"wpcf7-list-item-label\">Acepto el tratamiento de datos para recibir una respuesta.<\/span><\/label><\/span><\/span><\/span>\n<span class=\"wpcf7-form-control-wrap\" data-name=\"newsletter\"><span class=\"wpcf7-form-control wpcf7-acceptance optional\"><span class=\"wpcf7-list-item\"><label><input type=\"checkbox\" name=\"newsletter\" value=\"1\" aria-invalid=\"false\" \/><span class=\"wpcf7-list-item-label\">Acepto que se env\u00ede informaci\u00f3n comercial a mis contactos.<\/span><\/label><\/span><\/span><\/span>\n<input class=\"wpcf7-form-control wpcf7-submit has-spinner\" type=\"submit\" value=\"Enviar\" \/><div class=\"wpcf7-response-output\" aria-hidden=\"true\"><\/div>\n<\/form>\n<\/div>\n<\/div>\n<\/div>\n<\/div>\n","protected":false},"excerpt":{"rendered":"<p>Contactos Referencias e indicaciones para comunicarse con nosotros Un nuevo m\u00e9todo para ense\u00f1ar la elaboraci\u00f3n artesanal de helados sin utilizar productos semielaborados. Academia del Helado Natural &nbsp;Via Marsala 19\/A, Grosseto, 58100 &nbsp;CELL:&nbsp;+39 338 475 3397 | +39 338 640 3418 &nbsp;WHATSAPP:&nbsp;Send a message info@scuolagelato.it Estructura concertadapara la asistencia a los cursos Estructura concertadapara la asistencia [&hellip;]<\/p>\n","protected":false},"author":2496,"featured_media":0,"parent":0,"menu_order":0,"comment_status":"closed","ping_status":"closed","template":"template-fullwidth.php","meta":{"_acf_changed":false,"inline_featured_image":false,"site-sidebar-layout":"no-sidebar","site-content-layout":"page-builder","ast-site-content-layout":"full-width-container","site-content-style":"unboxed","site-sidebar-style":"unboxed","ast-global-header-display":"","ast-banner-title-visibility":"","ast-main-header-display":"","ast-hfb-above-header-display":"","ast-hfb-below-header-display":"","ast-hfb-mobile-header-display":"","site-post-title":"disabled","ast-breadcrumbs-content":"","ast-featured-img":"disabled","footer-sml-layout":"","theme-transparent-header-meta":"default","adv-header-id-meta":"","stick-header-meta":"","header-above-stick-meta":"","header-main-stick-meta":"","header-below-stick-meta":"","astra-migrate-meta-layouts":"set","ast-page-background-enabled":"default","ast-page-background-meta":{"desktop":{"background-color":"","background-image":"","background-repeat":"repeat","background-position":"center center","background-size":"auto","background-attachment":"scroll","background-type":"","background-media":"","overlay-type":"","overlay-color":"","overlay-opacity":"","overlay-gradient":""},"tablet":{"background-color":"","background-image":"","background-repeat":"repeat","background-position":"center center","background-size":"auto","background-attachment":"scroll","background-type":"","background-media":"","overlay-type":"","overlay-color":"","overlay-opacity":"","overlay-gradient":""},"mobile":{"background-color":"","background-image":"","background-repeat":"repeat","background-position":"center center","background-size":"auto","background-attachment":"scroll","background-type":"","background-media":"","overlay-type":"","overlay-color":"","overlay-opacity":"","overlay-gradient":""}},"ast-content-background-meta":{"desktop":{"background-color":"var(--ast-global-color-5)","background-image":"","background-repeat":"repeat","background-position":"center center","background-size":"auto","background-attachment":"scroll","background-type":"","background-media":"","overlay-type":"","overlay-color":"","overlay-opacity":"","overlay-gradient":""},"tablet":{"background-color":"var(--ast-global-color-5)","background-image":"","background-repeat":"repeat","background-position":"center center","background-size":"auto","background-attachment":"scroll","background-type":"","background-media":"","overlay-type":"","overlay-color":"","overlay-opacity":"","overlay-gradient":""},"mobile":{"background-color":"var(--ast-global-color-5)","background-image":"","background-repeat":"repeat","background-position":"center center","background-size":"auto","background-attachment":"scroll","background-type":"","background-media":"","overlay-type":"","overlay-color":"","overlay-opacity":"","overlay-gradient":""}},"_joinchat":[],"footnotes":""},"class_list":["post-12429","page","type-page","status-publish","hentry"],"acf":[],"yoast_head":"<!-- This site is optimized with the Yoast SEO plugin v27.3 - https:\/\/yoast.com\/product\/yoast-seo-wordpress\/ -->\n<title>Contatti - Gelato Naturale Academy<\/title>\n<meta name=\"robots\" content=\"index, follow, max-snippet:-1, max-image-preview:large, max-video-preview:-1\" \/>\n<link rel=\"canonical\" href=\"https:\/\/www.scuolagelato.it\/es\/contatti\/\" \/>\n<meta property=\"og:locale\" content=\"es_ES\" \/>\n<meta property=\"og:type\" content=\"article\" \/>\n<meta property=\"og:title\" content=\"Contatti - Gelato Naturale Academy\" \/>\n<meta property=\"og:description\" content=\"Contactos Referencias e indicaciones para comunicarse con nosotros Un nuevo m\u00e9todo para ense\u00f1ar la elaboraci\u00f3n artesanal de helados sin utilizar productos semielaborados. Academia del Helado Natural &nbsp;Via Marsala 19\/A, Grosseto, 58100 &nbsp;CELL:&nbsp;+39 338 475 3397 | +39 338 640 3418 &nbsp;WHATSAPP:&nbsp;Send a message info@scuolagelato.it Estructura concertadapara la asistencia a los cursos Estructura concertadapara la asistencia [&hellip;]\" \/>\n<meta property=\"og:url\" content=\"https:\/\/www.scuolagelato.it\/es\/contatti\/\" \/>\n<meta property=\"og:site_name\" content=\"Gelato Naturale Academy\" \/>\n<meta property=\"article:publisher\" content=\"https:\/\/www.facebook.com\/scuolagelato\" \/>\n<meta property=\"article:modified_time\" content=\"2026-02-25T10:09:31+00:00\" \/>\n<meta property=\"og:image\" content=\"https:\/\/www.scuolagelato.it\/wp-content\/uploads\/2021\/06\/copertina-scuola-gelato.jpg\" \/>\n\t<meta property=\"og:image:width\" content=\"1499\" \/>\n\t<meta property=\"og:image:height\" content=\"999\" \/>\n\t<meta property=\"og:image:type\" content=\"image\/jpeg\" \/>\n<meta name=\"twitter:card\" content=\"summary_large_image\" \/>\n<meta name=\"twitter:label1\" content=\"Tiempo de lectura\" \/>\n\t<meta name=\"twitter:data1\" content=\"1 minuto\" \/>\n<script type=\"application\/ld+json\" class=\"yoast-schema-graph\">{\"@context\":\"https:\\\/\\\/schema.org\",\"@graph\":[{\"@type\":\"WebPage\",\"@id\":\"https:\\\/\\\/www.scuolagelato.it\\\/es\\\/contatti\\\/\",\"url\":\"https:\\\/\\\/www.scuolagelato.it\\\/es\\\/contatti\\\/\",\"name\":\"Contatti - Gelato Naturale Academy\",\"isPartOf\":{\"@id\":\"https:\\\/\\\/www.scuolagelato.it\\\/es\\\/#website\"},\"primaryImageOfPage\":{\"@id\":\"https:\\\/\\\/www.scuolagelato.it\\\/es\\\/contatti\\\/#primaryimage\"},\"image\":{\"@id\":\"https:\\\/\\\/www.scuolagelato.it\\\/es\\\/contatti\\\/#primaryimage\"},\"thumbnailUrl\":\"https:\\\/\\\/www.scuolagelato.it\\\/wp-content\\\/uploads\\\/2022\\\/10\\\/per-te.svg\",\"datePublished\":\"2026-02-20T19:46:53+00:00\",\"dateModified\":\"2026-02-25T10:09:31+00:00\",\"breadcrumb\":{\"@id\":\"https:\\\/\\\/www.scuolagelato.it\\\/es\\\/contatti\\\/#breadcrumb\"},\"inLanguage\":\"es\",\"potentialAction\":[{\"@type\":\"ReadAction\",\"target\":[\"https:\\\/\\\/www.scuolagelato.it\\\/es\\\/contatti\\\/\"]}]},{\"@type\":\"ImageObject\",\"inLanguage\":\"es\",\"@id\":\"https:\\\/\\\/www.scuolagelato.it\\\/es\\\/contatti\\\/#primaryimage\",\"url\":\"https:\\\/\\\/www.scuolagelato.it\\\/wp-content\\\/uploads\\\/2022\\\/10\\\/per-te.svg\",\"contentUrl\":\"https:\\\/\\\/www.scuolagelato.it\\\/wp-content\\\/uploads\\\/2022\\\/10\\\/per-te.svg\"},{\"@type\":\"BreadcrumbList\",\"@id\":\"https:\\\/\\\/www.scuolagelato.it\\\/es\\\/contatti\\\/#breadcrumb\",\"itemListElement\":[{\"@type\":\"ListItem\",\"position\":1,\"name\":\"Home\",\"item\":\"https:\\\/\\\/www.scuolagelato.it\\\/es\\\/\"},{\"@type\":\"ListItem\",\"position\":2,\"name\":\"Contatti\"}]},{\"@type\":\"WebSite\",\"@id\":\"https:\\\/\\\/www.scuolagelato.it\\\/es\\\/#website\",\"url\":\"https:\\\/\\\/www.scuolagelato.it\\\/es\\\/\",\"name\":\"Gelato Naturale Academy\",\"description\":\"La prima scuola italiana per il vero gelato artigianale\",\"publisher\":{\"@id\":\"https:\\\/\\\/www.scuolagelato.it\\\/es\\\/#organization\"},\"potentialAction\":[{\"@type\":\"SearchAction\",\"target\":{\"@type\":\"EntryPoint\",\"urlTemplate\":\"https:\\\/\\\/www.scuolagelato.it\\\/es\\\/?s={search_term_string}\"},\"query-input\":{\"@type\":\"PropertyValueSpecification\",\"valueRequired\":true,\"valueName\":\"search_term_string\"}}],\"inLanguage\":\"es\"},{\"@type\":\"Organization\",\"@id\":\"https:\\\/\\\/www.scuolagelato.it\\\/es\\\/#organization\",\"name\":\"Gelato Naturale Academy\",\"url\":\"https:\\\/\\\/www.scuolagelato.it\\\/es\\\/\",\"logo\":{\"@type\":\"ImageObject\",\"inLanguage\":\"es\",\"@id\":\"https:\\\/\\\/www.scuolagelato.it\\\/es\\\/#\\\/schema\\\/logo\\\/image\\\/\",\"url\":\"https:\\\/\\\/www.scuolagelato.it\\\/wp-content\\\/uploads\\\/2019\\\/03\\\/favicon.png\",\"contentUrl\":\"https:\\\/\\\/www.scuolagelato.it\\\/wp-content\\\/uploads\\\/2019\\\/03\\\/favicon.png\",\"width\":210,\"height\":210,\"caption\":\"Gelato Naturale Academy\"},\"image\":{\"@id\":\"https:\\\/\\\/www.scuolagelato.it\\\/es\\\/#\\\/schema\\\/logo\\\/image\\\/\"},\"sameAs\":[\"https:\\\/\\\/www.facebook.com\\\/scuolagelato\",\"https:\\\/\\\/instagram.com\\\/gelato.naturale.academy\"]}]}<\/script>\n<!-- \/ Yoast SEO plugin. -->","yoast_head_json":{"title":"Contatti - Gelato Naturale Academy","robots":{"index":"index","follow":"follow","max-snippet":"max-snippet:-1","max-image-preview":"max-image-preview:large","max-video-preview":"max-video-preview:-1"},"canonical":"https:\/\/www.scuolagelato.it\/es\/contatti\/","og_locale":"es_ES","og_type":"article","og_title":"Contatti - Gelato Naturale Academy","og_description":"Contactos Referencias e indicaciones para comunicarse con nosotros Un nuevo m\u00e9todo para ense\u00f1ar la elaboraci\u00f3n artesanal de helados sin utilizar productos semielaborados. Academia del Helado Natural &nbsp;Via Marsala 19\/A, Grosseto, 58100 &nbsp;CELL:&nbsp;+39 338 475 3397 | +39 338 640 3418 &nbsp;WHATSAPP:&nbsp;Send a message info@scuolagelato.it Estructura concertadapara la asistencia a los cursos Estructura concertadapara la asistencia [&hellip;]","og_url":"https:\/\/www.scuolagelato.it\/es\/contatti\/","og_site_name":"Gelato Naturale Academy","article_publisher":"https:\/\/www.facebook.com\/scuolagelato","article_modified_time":"2026-02-25T10:09:31+00:00","og_image":[{"width":1499,"height":999,"url":"https:\/\/www.scuolagelato.it\/wp-content\/uploads\/2021\/06\/copertina-scuola-gelato.jpg","type":"image\/jpeg"}],"twitter_card":"summary_large_image","twitter_misc":{"Tiempo de lectura":"1 minuto"},"schema":{"@context":"https:\/\/schema.org","@graph":[{"@type":"WebPage","@id":"https:\/\/www.scuolagelato.it\/es\/contatti\/","url":"https:\/\/www.scuolagelato.it\/es\/contatti\/","name":"Contatti - Gelato Naturale Academy","isPartOf":{"@id":"https:\/\/www.scuolagelato.it\/es\/#website"},"primaryImageOfPage":{"@id":"https:\/\/www.scuolagelato.it\/es\/contatti\/#primaryimage"},"image":{"@id":"https:\/\/www.scuolagelato.it\/es\/contatti\/#primaryimage"},"thumbnailUrl":"https:\/\/www.scuolagelato.it\/wp-content\/uploads\/2022\/10\/per-te.svg","datePublished":"2026-02-20T19:46:53+00:00","dateModified":"2026-02-25T10:09:31+00:00","breadcrumb":{"@id":"https:\/\/www.scuolagelato.it\/es\/contatti\/#breadcrumb"},"inLanguage":"es","potentialAction":[{"@type":"ReadAction","target":["https:\/\/www.scuolagelato.it\/es\/contatti\/"]}]},{"@type":"ImageObject","inLanguage":"es","@id":"https:\/\/www.scuolagelato.it\/es\/contatti\/#primaryimage","url":"https:\/\/www.scuolagelato.it\/wp-content\/uploads\/2022\/10\/per-te.svg","contentUrl":"https:\/\/www.scuolagelato.it\/wp-content\/uploads\/2022\/10\/per-te.svg"},{"@type":"BreadcrumbList","@id":"https:\/\/www.scuolagelato.it\/es\/contatti\/#breadcrumb","itemListElement":[{"@type":"ListItem","position":1,"name":"Home","item":"https:\/\/www.scuolagelato.it\/es\/"},{"@type":"ListItem","position":2,"name":"Contatti"}]},{"@type":"WebSite","@id":"https:\/\/www.scuolagelato.it\/es\/#website","url":"https:\/\/www.scuolagelato.it\/es\/","name":"Gelato Naturale Academy","description":"La prima scuola italiana per il vero gelato artigianale","publisher":{"@id":"https:\/\/www.scuolagelato.it\/es\/#organization"},"potentialAction":[{"@type":"SearchAction","target":{"@type":"EntryPoint","urlTemplate":"https:\/\/www.scuolagelato.it\/es\/?s={search_term_string}"},"query-input":{"@type":"PropertyValueSpecification","valueRequired":true,"valueName":"search_term_string"}}],"inLanguage":"es"},{"@type":"Organization","@id":"https:\/\/www.scuolagelato.it\/es\/#organization","name":"Gelato Naturale Academy","url":"https:\/\/www.scuolagelato.it\/es\/","logo":{"@type":"ImageObject","inLanguage":"es","@id":"https:\/\/www.scuolagelato.it\/es\/#\/schema\/logo\/image\/","url":"https:\/\/www.scuolagelato.it\/wp-content\/uploads\/2019\/03\/favicon.png","contentUrl":"https:\/\/www.scuolagelato.it\/wp-content\/uploads\/2019\/03\/favicon.png","width":210,"height":210,"caption":"Gelato Naturale Academy"},"image":{"@id":"https:\/\/www.scuolagelato.it\/es\/#\/schema\/logo\/image\/"},"sameAs":["https:\/\/www.facebook.com\/scuolagelato","https:\/\/instagram.com\/gelato.naturale.academy"]}]}},"_links":{"self":[{"href":"https:\/\/www.scuolagelato.it\/es\/wp-json\/wp\/v2\/pages\/12429","targetHints":{"allow":["GET"]}}],"collection":[{"href":"https:\/\/www.scuolagelato.it\/es\/wp-json\/wp\/v2\/pages"}],"about":[{"href":"https:\/\/www.scuolagelato.it\/es\/wp-json\/wp\/v2\/types\/page"}],"author":[{"embeddable":true,"href":"https:\/\/www.scuolagelato.it\/es\/wp-json\/wp\/v2\/users\/2496"}],"replies":[{"embeddable":true,"href":"https:\/\/www.scuolagelato.it\/es\/wp-json\/wp\/v2\/comments?post=12429"}],"version-history":[{"count":4,"href":"https:\/\/www.scuolagelato.it\/es\/wp-json\/wp\/v2\/pages\/12429\/revisions"}],"predecessor-version":[{"id":12480,"href":"https:\/\/www.scuolagelato.it\/es\/wp-json\/wp\/v2\/pages\/12429\/revisions\/12480"}],"wp:attachment":[{"href":"https:\/\/www.scuolagelato.it\/es\/wp-json\/wp\/v2\/media?parent=12429"}],"curies":[{"name":"wp","href":"https:\/\/api.w.org\/{rel}","templated":true}]}}